{"id":24933,"date":"2025-02-19T10:55:03","date_gmt":"2025-02-19T10:55:03","guid":{"rendered":"https:\/\/mersinlitemiznakliyat.com\/?page_id=24933"},"modified":"2026-03-09T18:51:43","modified_gmt":"2026-03-09T18:51:43","slug":"bloglarimiz","status":"publish","type":"page","link":"https:\/\/mersinlitemiznakliyat.com\/?page_id=24933","title":{"rendered":"Bloglar\u0131m\u0131z"},"content":{"rendered":"\t\t<div data-elementor-type=\"wp-page\" data-elementor-id=\"24933\" class=\"elementor elementor-24933\" data-elementor-settings=\"[]\">\n\t\t\t\t\t\t\t<div class=\"elementor-section-wrap\">\n\t\t\t\t\t\t\t<section class=\"elementor-section elementor-top-section elementor-element elementor-element-f36cae9 elementor-section-boxed elementor-section-height-default elementor-section-height-default\" data-id=\"f36cae9\" data-element_type=\"section\">\n\t\t\t\t\t\t<div class=\"elementor-container elementor-column-gap-default\">\n\t\t\t\t\t<div class=\"elementor-column elementor-col-100 elementor-top-column elementor-element elementor-element-0ed22e7\" data-id=\"0ed22e7\" data-element_type=\"column\">\n\t\t\t<div class=\"elementor-widget-wrap elementor-element-populated\">\n\t\t\t\t\t\t\t\t<div class=\"elementor-element elementor-element-68058cf elementor-widget elementor-widget-text-editor\" data-id=\"68058cf\" data-element_type=\"widget\" data-widget_type=\"text-editor.default\">\n\t\t\t\t<div class=\"elementor-widget-container\">\n\t\t\t\t\t\t\t<h2 data-start=\"0\" data-end=\"75\"><strong data-start=\"0\" data-end=\"73\">Ta\u015f\u0131n\u0131rken Dikkat Edilmesi Gerekenler: Sorunsuz Nakliye \u0130\u00e7in \u0130pu\u00e7lar\u0131<\/strong><\/h2><p data-start=\"77\" data-end=\"335\">Ta\u015f\u0131nmak heyecan verici bir s\u00fcre\u00e7 olsa da, do\u011fru planlama yap\u0131lmazsa stresli bir deneyime d\u00f6n\u00fc\u015febilir. E\u015fyalar\u0131n\u0131z\u0131n g\u00fcvenle yeni adresinize ula\u015fmas\u0131 i\u00e7in dikkat etmeniz gereken baz\u0131 \u00f6nemli noktalar vard\u0131r. \u0130\u015fte ta\u015f\u0131nma s\u00fcrecinizi kolayla\u015ft\u0131racak ipu\u00e7lar\u0131:<\/p><h3 data-start=\"337\" data-end=\"368\">1. <strong data-start=\"344\" data-end=\"366\">\u00d6nceden Plan Yap\u0131n<\/strong><\/h3><p data-start=\"369\" data-end=\"528\">Ta\u015f\u0131nma g\u00fcn\u00fcnden en az birka\u00e7 hafta \u00f6nce haz\u0131rl\u0131klara ba\u015flay\u0131n. Hangi e\u015fyalar\u0131 ta\u015f\u0131yaca\u011f\u0131n\u0131z\u0131 belirleyin, gereksiz olanlar\u0131 ay\u0131rarak fazlal\u0131klardan kurtulun.<\/p><h3 data-start=\"530\" data-end=\"580\">2. <strong data-start=\"537\" data-end=\"578\">E\u015fyalar\u0131n\u0131z\u0131 Do\u011fru \u015eekilde Paketleyin<\/strong><\/h3><p data-start=\"581\" data-end=\"764\">K\u0131r\u0131lacak e\u015fyalar\u0131n\u0131z\u0131 balonlu naylon veya kal\u0131n ambalaj malzemeleriyle sar\u0131n. Kolilerin \u00fczerine i\u00e7eri\u011fi ve hangi odaya ait oldu\u011funu yazmak, ta\u015f\u0131nma s\u0131ras\u0131nda b\u00fcy\u00fck kolayl\u0131k sa\u011flar.<\/p><h3 data-start=\"766\" data-end=\"811\">3. <strong data-start=\"773\" data-end=\"809\">Profesyonel Nakliye Hizmeti Al\u0131n<\/strong><\/h3><p data-start=\"812\" data-end=\"1018\">G\u00fcvenilir bir nakliye firmas\u0131 se\u00e7mek, e\u015fyalar\u0131n\u0131z\u0131n zarar g\u00f6rmeden ta\u015f\u0131nmas\u0131n\u0131 sa\u011flar. Firmam\u0131z, \u015fehir i\u00e7i ve \u015fehirler aras\u0131 ta\u015f\u0131mac\u0131l\u0131kta deneyimli ekibi ve modern ara\u00e7lar\u0131yla en iyi hizmeti sunmaktad\u0131r.<\/p><h3 data-start=\"1020\" data-end=\"1074\">4. <strong data-start=\"1027\" data-end=\"1072\">Asans\u00f6rl\u00fc Ta\u015f\u0131ma Se\u00e7ene\u011fini De\u011ferlendirin<\/strong><\/h3><p data-start=\"1075\" data-end=\"1233\">E\u011fer y\u00fcksek katl\u0131 bir binada oturuyorsan\u0131z, asans\u00f6rl\u00fc nakliye hizmetimizle ta\u015f\u0131nma s\u00fcrecinizi h\u0131zland\u0131rabilir ve e\u015fyalar\u0131n\u0131z\u0131n g\u00fcvenli\u011fini art\u0131rabilirsiniz.<\/p><h3 data-start=\"1235\" data-end=\"1281\">5. <strong data-start=\"1242\" data-end=\"1279\">Nakliye G\u00fcn\u00fc \u0130\u00e7in Haz\u0131rl\u0131kl\u0131 Olun<\/strong><\/h3><p data-start=\"1282\" data-end=\"1443\">Nakliye ekibi gelmeden \u00f6nce e\u015fyalar\u0131n\u0131z\u0131 son kez g\u00f6zden ge\u00e7irin. De\u011ferli e\u015fyalar\u0131n\u0131z\u0131 ayr\u0131 bir \u00e7anta i\u00e7inde ta\u015f\u0131yarak kaybolma riskini en aza indirebilirsiniz.<\/p><h5 data-start=\"1445\" data-end=\"1635\">Ta\u015f\u0131nma s\u00fcrecini sorunsuz ve konforlu hale getirmek i\u00e7in profesyonel nakliye hizmetlerimizden yararlanabilirsiniz. Bizimle ileti\u015fime ge\u00e7in, ta\u015f\u0131nma stresini birlikte ortadan kald\u0131ral\u0131m! \ud83d\ude9b\ud83d\udce6<\/h5>\t\t\t\t\t\t<\/div>\n\t\t\t\t<\/div>\n\t\t\t\t\t<\/div>\n\t\t<\/div>\n\t\t\t\t\t\t\t<\/div>\n\t\t<\/section>\n\t\t\t\t<section class=\"elementor-section elementor-top-section elementor-element elementor-element-601912d elementor-section-boxed elementor-section-height-default elementor-section-height-default\" data-id=\"601912d\" data-element_type=\"section\">\n\t\t\t\t\t\t<div class=\"elementor-container elementor-column-gap-default\">\n\t\t\t\t\t<div class=\"elementor-column elementor-col-100 elementor-top-column elementor-element elementor-element-ae72b3e\" data-id=\"ae72b3e\" data-element_type=\"column\">\n\t\t\t<div class=\"elementor-widget-wrap elementor-element-populated\">\n\t\t\t\t\t\t\t\t<div class=\"elementor-element elementor-element-de71fd0 elementor-widget elementor-widget-heading\" data-id=\"de71fd0\" data-element_type=\"widget\" data-widget_type=\"heading.default\">\n\t\t\t\t<div class=\"elementor-widget-container\">\n\t\t\t<h2 class=\"elementor-heading-title elementor-size-default\">Mersin K\u00fc\u00e7\u00fck E\u015fya Nakliyesi<\/h2>\t\t<\/div>\n\t\t\t\t<\/div>\n\t\t\t\t\t<\/div>\n\t\t<\/div>\n\t\t\t\t\t\t\t<\/div>\n\t\t<\/section>\n\t\t\t\t\t\t<\/div>\n\t\t\t\t\t<\/div>\n\t\t","protected":false},"excerpt":{"rendered":"<p>Ta\u015f\u0131n\u0131rken Dikkat Edilmesi Gerekenler: Sorunsuz Nakliye \u0130\u00e7in \u0130pu\u00e7lar\u0131 Ta\u015f\u0131nmak heyecan verici bir s\u00fcre\u00e7 olsa da, do\u011fru planlama yap\u0131lmazsa stresli bir deneyime d\u00f6n\u00fc\u015febilir. E\u015fyalar\u0131n\u0131z\u0131n g\u00fcvenle yeni adresinize ula\u015fmas\u0131 i\u00e7in dikkat etmeniz gereken baz\u0131 \u00f6nemli noktalar vard\u0131r. \u0130\u015fte ta\u015f\u0131nma s\u00fcrecinizi kolayla\u015ft\u0131racak ipu\u00e7lar\u0131: 1. \u00d6nceden Plan Yap\u0131n Ta\u015f\u0131nma g\u00fcn\u00fcnden en az birka\u00e7 hafta \u00f6nce haz\u0131rl\u0131klara ba\u015flay\u0131n. Hangi e\u015fyalar\u0131 &hellip;<\/p>\n<p class=\"read-more\"> <a class=\"\" href=\"https:\/\/mersinlitemiznakliyat.com\/?page_id=24933\"> <span class=\"screen-reader-text\">Bloglar\u0131m\u0131z<\/span> Devam\u0131 &raquo;<\/a><\/p>\n","protected":false},"author":1,"featured_media":0,"parent":0,"menu_order":0,"comment_status":"closed","ping_status":"closed","template":"","meta":{"om_disable_all_campaigns":false,"_monsterinsights_skip_tracking":false,"_monsterinsights_sitenote_active":false,"_monsterinsights_sitenote_note":"","_monsterinsights_sitenote_category":0,"footnotes":""},"class_list":["post-24933","page","type-page","status-publish","hentry"],"_links":{"self":[{"href":"https:\/\/mersinlitemiznakliyat.com\/index.php?rest_route=\/wp\/v2\/pages\/24933","targetHints":{"allow":["GET"]}}],"collection":[{"href":"https:\/\/mersinlitemiznakliyat.com\/index.php?rest_route=\/wp\/v2\/pages"}],"about":[{"href":"https:\/\/mersinlitemiznakliyat.com\/index.php?rest_route=\/wp\/v2\/types\/page"}],"author":[{"embeddable":true,"href":"https:\/\/mersinlitemiznakliyat.com\/index.php?rest_route=\/wp\/v2\/users\/1"}],"replies":[{"embeddable":true,"href":"https:\/\/mersinlitemiznakliyat.com\/index.php?rest_route=%2Fwp%2Fv2%2Fcomments&post=24933"}],"version-history":[{"count":6,"href":"https:\/\/mersinlitemiznakliyat.com\/index.php?rest_route=\/wp\/v2\/pages\/24933\/revisions"}],"predecessor-version":[{"id":24979,"href":"https:\/\/mersinlitemiznakliyat.com\/index.php?rest_route=\/wp\/v2\/pages\/24933\/revisions\/24979"}],"wp:attachment":[{"href":"https:\/\/mersinlitemiznakliyat.com\/index.php?rest_route=%2Fwp%2Fv2%2Fmedia&parent=24933"}],"curies":[{"name":"wp","href":"https:\/\/api.w.org\/{rel}","templated":true}]}}