{"id":24254,"date":"2020-10-08T07:43:07","date_gmt":"2020-10-08T07:43:07","guid":{"rendered":"https:\/\/mersinlitemiznakliyat.com\/?page_id=24254"},"modified":"2025-02-19T10:58:57","modified_gmt":"2025-02-19T10:58:57","slug":"hizmetlerimiz","status":"publish","type":"page","link":"https:\/\/mersinlitemiznakliyat.com\/?page_id=24254","title":{"rendered":"Hizmetlerimiz"},"content":{"rendered":"\t\t<div data-elementor-type=\"wp-page\" data-elementor-id=\"24254\" class=\"elementor elementor-24254\" data-elementor-settings=\"[]\">\n\t\t\t\t\t\t\t<div class=\"elementor-section-wrap\">\n\t\t\t\t\t\t\t<section class=\"elementor-section elementor-top-section elementor-element elementor-element-025c1d1 elementor-section-boxed elementor-section-height-default elementor-section-height-default\" data-id=\"025c1d1\" data-element_type=\"section\">\n\t\t\t\t\t\t<div class=\"elementor-container elementor-column-gap-no\">\n\t\t\t\t\t<div class=\"elementor-column elementor-col-100 elementor-top-column elementor-element elementor-element-3c4c263\" data-id=\"3c4c263\" data-element_type=\"column\">\n\t\t\t<div class=\"elementor-widget-wrap elementor-element-populated\">\n\t\t\t\t\t\t\t\t<div class=\"elementor-element elementor-element-e6436db elementor-widget elementor-widget-heading\" data-id=\"e6436db\" data-element_type=\"widget\" data-widget_type=\"heading.default\">\n\t\t\t\t<div class=\"elementor-widget-container\">\n\t\t\t<h2 class=\"elementor-heading-title elementor-size-default\">Hizmetlerimiz<\/h2>\t\t<\/div>\n\t\t\t\t<\/div>\n\t\t\t\t\t<\/div>\n\t\t<\/div>\n\t\t\t\t\t\t\t<\/div>\n\t\t<\/section>\n\t\t\t\t<section class=\"elementor-section elementor-top-section elementor-element elementor-element-cdf3be4 elementor-section-boxed elementor-section-height-default elementor-section-height-default\" data-id=\"cdf3be4\" data-element_type=\"section\">\n\t\t\t\t\t\t<div class=\"elementor-container elementor-column-gap-default\">\n\t\t\t\t\t<div class=\"elementor-column elementor-col-33 elementor-top-column elementor-element elementor-element-a7d00a5\" data-id=\"a7d00a5\" data-element_type=\"column\">\n\t\t\t<div class=\"elementor-widget-wrap elementor-element-populated\">\n\t\t\t\t\t\t\t\t<div class=\"elementor-element elementor-element-017bb6c elementor-position-top elementor-vertical-align-top elementor-widget elementor-widget-image-box\" data-id=\"017bb6c\" data-element_type=\"widget\" data-widget_type=\"image-box.default\">\n\t\t\t\t<div class=\"elementor-widget-container\">\n\t\t\t<div class=\"elementor-image-box-wrapper\"><figure class=\"elementor-image-box-img\"><img loading=\"lazy\" decoding=\"async\" width=\"1532\" height=\"1149\" src=\"https:\/\/mersinlitemiznakliyat.com\/wp-content\/uploads\/2021\/08\/WhatsApp-Image-2021-08-17-at-21.00.12-1.jpeg\" class=\"attachment-full size-full\" alt=\"\" \/><\/figure><div class=\"elementor-image-box-content\"><h3 class=\"elementor-image-box-title\">Kamyonetle<br>\u015eehir i\u00e7i Nakliyat<\/h3><p class=\"elementor-image-box-description\">\u015eehir i\u00e7inde h\u0131zl\u0131, g\u00fcvenilir ve ekonomik nakliye \u00e7\u00f6z\u00fcmleri sunuyoruz! Kamyonetle \u015fehir i\u00e7i nakliye hizmetimiz, k\u00fc\u00e7\u00fck ve orta \u00f6l\u00e7ekli y\u00fcklerinizin k\u0131sa mesafelerde pratik bir \u015fekilde ta\u015f\u0131nmas\u0131n\u0131 sa\u011flar. \u0130ster evden eve k\u00fc\u00e7\u00fck \u00e7apl\u0131 ta\u015f\u0131mac\u0131l\u0131k, ister ofis veya ma\u011faza teslimat\u0131 olsun, deneyimli ekibimiz ve donan\u0131ml\u0131 ara\u00e7lar\u0131m\u0131zla e\u015fyalar\u0131n\u0131z\u0131 g\u00fcvenle yeni adresinize ula\u015ft\u0131r\u0131yoruz. Zaman\u0131nda teslimat ve m\u00fc\u015fteri memnuniyeti odakl\u0131 hizmet anlay\u0131\u015f\u0131m\u0131zla, \u015fehir i\u00e7i ta\u015f\u0131mac\u0131l\u0131kta en iyi \u00e7\u00f6z\u00fcm\u00fc sunuyoruz.\n\nH\u0131zl\u0131 ve sorunsuz bir ta\u015f\u0131ma deneyimi i\u00e7in bizimle ileti\u015fime ge\u00e7in! \ud83d\ude9a<\/p><\/div><\/div>\t\t<\/div>\n\t\t\t\t<\/div>\n\t\t\t\t\t<\/div>\n\t\t<\/div>\n\t\t\t\t<div class=\"elementor-column elementor-col-33 elementor-top-column elementor-element elementor-element-43ff5eb\" data-id=\"43ff5eb\" data-element_type=\"column\">\n\t\t\t<div class=\"elementor-widget-wrap elementor-element-populated\">\n\t\t\t\t\t\t\t\t<div class=\"elementor-element elementor-element-64414dd elementor-position-top elementor-vertical-align-top elementor-widget elementor-widget-image-box\" data-id=\"64414dd\" data-element_type=\"widget\" data-widget_type=\"image-box.default\">\n\t\t\t\t<div class=\"elementor-widget-container\">\n\t\t\t<div class=\"elementor-image-box-wrapper\"><figure class=\"elementor-image-box-img\"><img loading=\"lazy\" decoding=\"async\" width=\"2048\" height=\"1536\" src=\"https:\/\/mersinlitemiznakliyat.com\/wp-content\/uploads\/2021\/08\/WhatsApp-Image-2021-08-17-at-21.00.03-2.jpeg\" class=\"attachment-full size-full\" alt=\"\" \/><\/figure><div class=\"elementor-image-box-content\"><h3 class=\"elementor-image-box-title\">Kamyonetle \u015eehirler aras\u0131 Nakliyat<\/h3><p class=\"elementor-image-box-description\">G\u00fcvenli, h\u0131zl\u0131 ve profesyonel \u015fehirler aras\u0131 nakliye hizmetimizle y\u00fcklerinizi T\u00fcrkiye'nin d\u00f6rt bir yan\u0131na ta\u015f\u0131yoruz! Deneyimli ekibimiz ve modern ara\u00e7 filomuz ile ev e\u015fyalar\u0131n\u0131zdan ticari mallara kadar her t\u00fcrl\u00fc ta\u015f\u0131ma ihtiyac\u0131n\u0131za \u00e7\u00f6z\u00fcmler sunuyoruz. Ta\u015f\u0131ma s\u00fcrecinde e\u015fyalar\u0131n\u0131z\u0131n g\u00fcvenli\u011fini \u00f6n planda tutarak, zaman\u0131nda ve sorunsuz teslimat sa\u011fl\u0131yoruz. Uzun mesafelerde g\u00fcvenilir bir nakliye hizmeti ar\u0131yorsan\u0131z, bizimle ileti\u015fime ge\u00e7in!\n\nUygun fiyatl\u0131  nakliye hizmetleri i\u00e7in hemen teklif al\u0131n!<\/p><\/div><\/div>\t\t<\/div>\n\t\t\t\t<\/div>\n\t\t\t\t\t<\/div>\n\t\t<\/div>\n\t\t\t\t<div class=\"elementor-column elementor-col-33 elementor-top-column elementor-element elementor-element-16162f7\" data-id=\"16162f7\" data-element_type=\"column\">\n\t\t\t<div class=\"elementor-widget-wrap elementor-element-populated\">\n\t\t\t\t\t\t\t\t<div class=\"elementor-element elementor-element-d632eee elementor-position-top elementor-vertical-align-top elementor-widget elementor-widget-image-box\" data-id=\"d632eee\" data-element_type=\"widget\" data-widget_type=\"image-box.default\">\n\t\t\t\t<div class=\"elementor-widget-container\">\n\t\t\t<div class=\"elementor-image-box-wrapper\"><figure class=\"elementor-image-box-img\"><img loading=\"lazy\" decoding=\"async\" width=\"1532\" height=\"1148\" src=\"https:\/\/mersinlitemiznakliyat.com\/wp-content\/uploads\/2021\/08\/WhatsApp-Image-2021-08-17-at-21.00.22-2.jpeg\" class=\"attachment-full size-full\" alt=\"\" \/><\/figure><div class=\"elementor-image-box-content\"><h3 class=\"elementor-image-box-title\">Asans\u00f6rl\u00fc Kamyonetle<br>Nakliye<\/h3><p class=\"elementor-image-box-description\">Y\u00fcksek katlardan e\u015fya ta\u015f\u0131mak art\u0131k \u00e7ok daha kolay! Asans\u00f6rl\u00fc kamyonetle nakliye hizmetimiz sayesinde, e\u015fyalar\u0131n\u0131z g\u00fcvenli ve h\u0131zl\u0131 bir \u015fekilde ta\u015f\u0131n\u0131r. \u00d6zellikle dar merdiven bo\u015fluklar\u0131 veya y\u00fcksek katl\u0131 binalar i\u00e7in ideal olan bu sistem, hem zamandan tasarruf etmenizi sa\u011flar hem de e\u015fyalar\u0131n\u0131z\u0131n zarar g\u00f6rme riskini en aza indirir. Profesyonel ekibimiz ve modern ekipmanlar\u0131m\u0131zla \u015fehir i\u00e7i ve \u015fehirler aras\u0131 ta\u015f\u0131mac\u0131l\u0131kta en iyi hizmeti sunuyoruz.\n\nKolay, h\u0131zl\u0131 ve g\u00fcvenilir ta\u015f\u0131mac\u0131l\u0131k i\u00e7in bizimle ileti\u015fime ge\u00e7in! \ud83c\udfe2\ud83d\ude9a<\/p><\/div><\/div>\t\t<\/div>\n\t\t\t\t<\/div>\n\t\t\t\t\t<\/div>\n\t\t<\/div>\n\t\t\t\t\t\t\t<\/div>\n\t\t<\/section>\n\t\t\t\t<section class=\"elementor-section elementor-top-section elementor-element elementor-element-88b5e3f elementor-section-boxed elementor-section-height-default elementor-section-height-default\" data-id=\"88b5e3f\" data-element_type=\"section\">\n\t\t\t\t\t\t<div class=\"elementor-container elementor-column-gap-default\">\n\t\t\t\t\t<div class=\"elementor-column elementor-col-100 elementor-top-column elementor-element elementor-element-bd337ae\" data-id=\"bd337ae\" data-element_type=\"column\">\n\t\t\t<div class=\"elementor-widget-wrap elementor-element-populated\">\n\t\t\t\t\t\t\t\t<div class=\"elementor-element elementor-element-34ff6f8 elementor-widget elementor-widget-spacer\" data-id=\"34ff6f8\" data-element_type=\"widget\" data-widget_type=\"spacer.default\">\n\t\t\t\t<div class=\"elementor-widget-container\">\n\t\t\t\t\t<div class=\"elementor-spacer\">\n\t\t\t<div class=\"elementor-spacer-inner\"><\/div>\n\t\t<\/div>\n\t\t\t\t<\/div>\n\t\t\t\t<\/div>\n\t\t\t\t\t<\/div>\n\t\t<\/div>\n\t\t\t\t\t\t\t<\/div>\n\t\t<\/section>\n\t\t\t\t<section class=\"elementor-section elementor-top-section elementor-element elementor-element-d491573 elementor-section-boxed elementor-section-height-default elementor-section-height-default\" data-id=\"d491573\" data-element_type=\"section\">\n\t\t\t\t\t\t<div class=\"elementor-container elementor-column-gap-default\">\n\t\t\t\t\t<div class=\"elementor-column elementor-col-33 elementor-top-column elementor-element elementor-element-5ae6326\" data-id=\"5ae6326\" data-element_type=\"column\">\n\t\t\t<div class=\"elementor-widget-wrap elementor-element-populated\">\n\t\t\t\t\t\t\t\t<div class=\"elementor-element elementor-element-2b990eb elementor-position-top elementor-vertical-align-top elementor-widget elementor-widget-image-box\" data-id=\"2b990eb\" data-element_type=\"widget\" data-widget_type=\"image-box.default\">\n\t\t\t\t<div class=\"elementor-widget-container\">\n\t\t\t<div class=\"elementor-image-box-wrapper\"><figure class=\"elementor-image-box-img\"><img loading=\"lazy\" decoding=\"async\" width=\"2048\" height=\"1536\" src=\"https:\/\/mersinlitemiznakliyat.com\/wp-content\/uploads\/2021\/08\/WhatsApp-Image-2021-08-17-at-20.59.52-1.jpeg\" class=\"attachment-full size-full\" alt=\"\" \/><\/figure><div class=\"elementor-image-box-content\"><h3 class=\"elementor-image-box-title\">Par\u00e7a E\u015fya<br>Ta\u015f\u0131mac\u0131l\u0131\u011f\u0131<\/h3><p class=\"elementor-image-box-description\">Az say\u0131da e\u015fyan\u0131z i\u00e7in tam bir ara\u00e7 kiralamaya gerek yok! Par\u00e7a e\u015fya ta\u015f\u0131mac\u0131l\u0131\u011f\u0131 hizmetimizle, tek par\u00e7a veya az miktardaki e\u015fyalar\u0131n\u0131z\u0131 ekonomik ve g\u00fcvenli bir \u015fekilde diledi\u011finiz adrese ula\u015ft\u0131r\u0131yoruz. Ev e\u015fyalar\u0131, ofis malzemeleri, beyaz e\u015fya, koliler ve di\u011fer k\u00fc\u00e7\u00fck y\u00fckleriniz i\u00e7in h\u0131zl\u0131 ve uygun fiyatl\u0131 \u00e7\u00f6z\u00fcmler sunuyoruz. \u015eehir i\u00e7i ve \u015fehirler aras\u0131 par\u00e7a e\u015fya ta\u015f\u0131mac\u0131l\u0131\u011f\u0131nda, profesyonel ekibimizle g\u00fcvenilir hizmet veriyoruz.\n\nEkonomik ve pratik ta\u015f\u0131ma \u00e7\u00f6z\u00fcmleri i\u00e7in bizimle ileti\u015fime ge\u00e7in! \ud83d\udce6\ud83d\ude9b<\/p><\/div><\/div>\t\t<\/div>\n\t\t\t\t<\/div>\n\t\t\t\t\t<\/div>\n\t\t<\/div>\n\t\t\t\t<div class=\"elementor-column elementor-col-33 elementor-top-column elementor-element elementor-element-3d0b79c\" data-id=\"3d0b79c\" data-element_type=\"column\">\n\t\t\t<div class=\"elementor-widget-wrap elementor-element-populated\">\n\t\t\t\t\t\t\t\t<div class=\"elementor-element elementor-element-3a1ba01 elementor-position-top elementor-vertical-align-top elementor-widget elementor-widget-image-box\" data-id=\"3a1ba01\" data-element_type=\"widget\" data-widget_type=\"image-box.default\">\n\t\t\t\t<div class=\"elementor-widget-container\">\n\t\t\t<div class=\"elementor-image-box-wrapper\"><figure class=\"elementor-image-box-img\"><img loading=\"lazy\" decoding=\"async\" width=\"300\" height=\"300\" src=\"https:\/\/mersinlitemiznakliyat.com\/wp-content\/uploads\/2021\/08\/evesyasi-1.jpg\" class=\"attachment-full size-full\" alt=\"\" \/><\/figure><div class=\"elementor-image-box-content\"><h3 class=\"elementor-image-box-title\"><br>Ev E\u015fyas\u0131<br>Nakliyesi<\/h3><p class=\"elementor-image-box-description\">Yeni evinize ta\u015f\u0131nmak stresli olmak zorunda de\u011fil! Profesyonel ev e\u015fyas\u0131 nakliye hizmetimizle, e\u015fyalar\u0131n\u0131z\u0131 g\u00fcvenli, h\u0131zl\u0131 ve \u00f6zenli bir \u015fekilde yeni adresinize ta\u015f\u0131yoruz. Deneyimli ekibimiz, mobilyalar\u0131n\u0131z\u0131 demonte edip montaj\u0131n\u0131 yaparak sorunsuz bir ta\u015f\u0131ma s\u00fcreci sa\u011fl\u0131yor. Asans\u00f6rl\u00fc ta\u015f\u0131ma, paketleme ve sigortal\u0131 nakliye se\u00e7eneklerimizle, e\u015fyalar\u0131n\u0131z g\u00fcvence alt\u0131nda.\n\nKonforlu ve sorunsuz bir ta\u015f\u0131nma deneyimi i\u00e7in bizimle ileti\u015fime ge\u00e7in! \ud83c\udfe0\ud83d\ude9a<\/p><\/div><\/div>\t\t<\/div>\n\t\t\t\t<\/div>\n\t\t\t\t\t<\/div>\n\t\t<\/div>\n\t\t\t\t<div class=\"elementor-column elementor-col-33 elementor-top-column elementor-element elementor-element-a0ef83f\" data-id=\"a0ef83f\" data-element_type=\"column\">\n\t\t\t<div class=\"elementor-widget-wrap elementor-element-populated\">\n\t\t\t\t\t\t\t\t<div class=\"elementor-element elementor-element-5dc29f2 elementor-position-top elementor-vertical-align-top elementor-widget elementor-widget-image-box\" data-id=\"5dc29f2\" data-element_type=\"widget\" data-widget_type=\"image-box.default\">\n\t\t\t\t<div class=\"elementor-widget-container\">\n\t\t\t<div class=\"elementor-image-box-wrapper\"><figure class=\"elementor-image-box-img\"><img loading=\"lazy\" decoding=\"async\" width=\"1600\" height=\"1200\" src=\"https:\/\/mersinlitemiznakliyat.com\/wp-content\/uploads\/2021\/08\/WhatsApp-Image-2021-08-17-at-20.59.42.jpeg\" class=\"attachment-full size-full\" alt=\"\" \/><\/figure><div class=\"elementor-image-box-content\"><h3 class=\"elementor-image-box-title\">Kamyonetle<br>G\u00fcvenli Ta\u015f\u0131ma<\/h3><p class=\"elementor-image-box-description\">E\u015fyalar\u0131n\u0131z\u0131 g\u00fcvenle ta\u015f\u0131mak i\u00e7in profesyonel kamyonetle nakliye hizmeti sunuyoruz! Ta\u015f\u0131ma s\u00fcrecinde e\u015fyalar\u0131n\u0131z\u0131 \u00f6zenle paketleyerek, darbelere ve d\u0131\u015f etkenlere kar\u015f\u0131 koruma sa\u011fl\u0131yoruz. Deneyimli \u015fof\u00f6rlerimiz ve modern ara\u00e7 filomuz ile hem \u015fehir i\u00e7i hem de \u015fehirler aras\u0131 nakliyede g\u00fcvenli ve sorunsuz bir hizmet sunuyoruz.\n\nE\u015fyalar\u0131n\u0131z\u0131 g\u00fcvenle ta\u015f\u0131mak i\u00e7in bizimle ileti\u015fime ge\u00e7in! \ud83d\ude9b\ud83d\udd12<\/p><\/div><\/div>\t\t<\/div>\n\t\t\t\t<\/div>\n\t\t\t\t\t<\/div>\n\t\t<\/div>\n\t\t\t\t\t\t\t<\/div>\n\t\t<\/section>\n\t\t\t\t<section class=\"elementor-section elementor-top-section elementor-element elementor-element-55356cb elementor-section-boxed elementor-section-height-default elementor-section-height-default\" data-id=\"55356cb\" data-element_type=\"section\">\n\t\t\t\t\t\t<div class=\"elementor-container elementor-column-gap-default\">\n\t\t\t\t\t<div class=\"elementor-column elementor-col-100 elementor-top-column elementor-element elementor-element-8693c71\" data-id=\"8693c71\" data-element_type=\"column\">\n\t\t\t<div class=\"elementor-widget-wrap elementor-element-populated\">\n\t\t\t\t\t\t\t\t<div class=\"elementor-element elementor-element-856c0a2 elementor-widget elementor-widget-heading\" data-id=\"856c0a2\" data-element_type=\"widget\" data-widget_type=\"heading.default\">\n\t\t\t\t<div class=\"elementor-widget-container\">\n\t\t\t<h2 class=\"elementor-heading-title elementor-size-xl\"><a href=\"https:\/\/mersinlitemiznakliyat.com\/?page_id=24933\"><br>Bloglar\u0131m\u0131z<br><br><\/a><\/h2>\t\t<\/div>\n\t\t\t\t<\/div>\n\t\t\t\t\t<\/div>\n\t\t<\/div>\n\t\t\t\t\t\t\t<\/div>\n\t\t<\/section>\n\t\t\t\t<section class=\"elementor-section elementor-top-section elementor-element elementor-element-438174a elementor-section-boxed elementor-section-height-default elementor-section-height-default\" data-id=\"438174a\" data-element_type=\"section\">\n\t\t\t\t\t\t<div class=\"elementor-container elementor-column-gap-default\">\n\t\t\t\t\t<div class=\"elementor-column elementor-col-100 elementor-top-column elementor-element elementor-element-e7af957\" data-id=\"e7af957\" data-element_type=\"column\">\n\t\t\t<div class=\"elementor-widget-wrap\">\n\t\t\t\t\t\t\t\t\t<\/div>\n\t\t<\/div>\n\t\t\t\t\t\t\t<\/div>\n\t\t<\/section>\n\t\t\t\t\t\t<\/div>\n\t\t\t\t\t<\/div>\n\t\t","protected":false},"excerpt":{"rendered":"<p>Hizmetlerimiz Kamyonetle\u015eehir i\u00e7i Nakliyat \u015eehir i\u00e7inde h\u0131zl\u0131, g\u00fcvenilir ve ekonomik nakliye \u00e7\u00f6z\u00fcmleri sunuyoruz! Kamyonetle \u015fehir i\u00e7i nakliye hizmetimiz, k\u00fc\u00e7\u00fck ve orta \u00f6l\u00e7ekli y\u00fcklerinizin k\u0131sa mesafelerde pratik bir \u015fekilde ta\u015f\u0131nmas\u0131n\u0131 sa\u011flar. \u0130ster evden eve k\u00fc\u00e7\u00fck \u00e7apl\u0131 ta\u015f\u0131mac\u0131l\u0131k, ister ofis veya ma\u011faza teslimat\u0131 olsun, deneyimli ekibimiz ve donan\u0131ml\u0131 ara\u00e7lar\u0131m\u0131zla e\u015fyalar\u0131n\u0131z\u0131 g\u00fcvenle yeni adresinize ula\u015ft\u0131r\u0131yoruz. Zaman\u0131nda teslimat ve &hellip;<\/p>\n<p class=\"read-more\"> <a class=\"\" href=\"https:\/\/mersinlitemiznakliyat.com\/?page_id=24254\"> <span class=\"screen-reader-text\">Hizmetlerimiz<\/span> Devam\u0131 &raquo;<\/a><\/p>\n","protected":false},"author":1,"featured_media":0,"parent":0,"menu_order":0,"comment_status":"closed","ping_status":"closed","template":"","meta":{"om_disable_all_campaigns":false,"_monsterinsights_skip_tracking":false,"_monsterinsights_sitenote_active":false,"_monsterinsights_sitenote_note":"","_monsterinsights_sitenote_category":0,"footnotes":""},"class_list":["post-24254","page","type-page","status-publish","hentry"],"_links":{"self":[{"href":"https:\/\/mersinlitemiznakliyat.com\/index.php?rest_route=\/wp\/v2\/pages\/24254","targetHints":{"allow":["GET"]}}],"collection":[{"href":"https:\/\/mersinlitemiznakliyat.com\/index.php?rest_route=\/wp\/v2\/pages"}],"about":[{"href":"https:\/\/mersinlitemiznakliyat.com\/index.php?rest_route=\/wp\/v2\/types\/page"}],"author":[{"embeddable":true,"href":"https:\/\/mersinlitemiznakliyat.com\/index.php?rest_route=\/wp\/v2\/users\/1"}],"replies":[{"embeddable":true,"href":"https:\/\/mersinlitemiznakliyat.com\/index.php?rest_route=%2Fwp%2Fv2%2Fcomments&post=24254"}],"version-history":[{"count":37,"href":"https:\/\/mersinlitemiznakliyat.com\/index.php?rest_route=\/wp\/v2\/pages\/24254\/revisions"}],"predecessor-version":[{"id":24954,"href":"https:\/\/mersinlitemiznakliyat.com\/index.php?rest_route=\/wp\/v2\/pages\/24254\/revisions\/24954"}],"wp:attachment":[{"href":"https:\/\/mersinlitemiznakliyat.com\/index.php?rest_route=%2Fwp%2Fv2%2Fmedia&parent=24254"}],"curies":[{"name":"wp","href":"https:\/\/api.w.org\/{rel}","templated":true}]}}