{"id":104,"date":"2020-10-07T07:59:03","date_gmt":"2020-10-07T07:59:03","guid":{"rendered":"https:\/\/mersinlitemiznakliyat.com\/?page_id=104"},"modified":"2025-02-19T10:25:47","modified_gmt":"2025-02-19T10:25:47","slug":"hakkimizda","status":"publish","type":"page","link":"https:\/\/mersinlitemiznakliyat.com\/?page_id=104","title":{"rendered":"Hakk\u0131m\u0131zda"},"content":{"rendered":"\t\t<div data-elementor-type=\"wp-page\" data-elementor-id=\"104\" class=\"elementor elementor-104\" data-elementor-settings=\"[]\">\n\t\t\t\t\t\t\t<div class=\"elementor-section-wrap\">\n\t\t\t\t\t\t\t<section class=\"elementor-section elementor-top-section elementor-element elementor-element-b36a3c5 elementor-section-boxed elementor-section-height-default elementor-section-height-default\" data-id=\"b36a3c5\" data-element_type=\"section\">\n\t\t\t\t\t\t<div class=\"elementor-container elementor-column-gap-default\">\n\t\t\t\t\t<div class=\"elementor-column elementor-col-100 elementor-top-column elementor-element elementor-element-436ef6a\" data-id=\"436ef6a\" data-element_type=\"column\">\n\t\t\t<div class=\"elementor-widget-wrap elementor-element-populated\">\n\t\t\t\t\t\t\t\t<div class=\"elementor-element elementor-element-e7193a9 elementor-widget elementor-widget-spacer\" data-id=\"e7193a9\" data-element_type=\"widget\" data-widget_type=\"spacer.default\">\n\t\t\t\t<div class=\"elementor-widget-container\">\n\t\t\t\t\t<div class=\"elementor-spacer\">\n\t\t\t<div class=\"elementor-spacer-inner\"><\/div>\n\t\t<\/div>\n\t\t\t\t<\/div>\n\t\t\t\t<\/div>\n\t\t\t\t\t<\/div>\n\t\t<\/div>\n\t\t\t\t\t\t\t<\/div>\n\t\t<\/section>\n\t\t\t\t<section class=\"elementor-section elementor-top-section elementor-element elementor-element-fbc1a74 elementor-section-boxed elementor-section-height-default elementor-section-height-default\" data-id=\"fbc1a74\" data-element_type=\"section\">\n\t\t\t\t\t\t<div class=\"elementor-container elementor-column-gap-no\">\n\t\t\t\t\t<div class=\"elementor-column elementor-col-100 elementor-top-column elementor-element elementor-element-7ca68b6\" data-id=\"7ca68b6\" data-element_type=\"column\">\n\t\t\t<div class=\"elementor-widget-wrap elementor-element-populated\">\n\t\t\t\t\t\t\t\t<div class=\"elementor-element elementor-element-f5479ae elementor-widget elementor-widget-heading\" data-id=\"f5479ae\" data-element_type=\"widget\" data-widget_type=\"heading.default\">\n\t\t\t\t<div class=\"elementor-widget-container\">\n\t\t\t<h2 class=\"elementor-heading-title elementor-size-default\">Hakk\u0131m\u0131zda<\/h2>\t\t<\/div>\n\t\t\t\t<\/div>\n\t\t\t\t\t<\/div>\n\t\t<\/div>\n\t\t\t\t\t\t\t<\/div>\n\t\t<\/section>\n\t\t\t\t<section class=\"elementor-section elementor-top-section elementor-element elementor-element-3c32010 elementor-section-boxed elementor-section-height-default elementor-section-height-default\" data-id=\"3c32010\" data-element_type=\"section\">\n\t\t\t\t\t\t<div class=\"elementor-container elementor-column-gap-default\">\n\t\t\t\t\t<div class=\"elementor-column elementor-col-100 elementor-top-column elementor-element elementor-element-1f8e425\" data-id=\"1f8e425\" data-element_type=\"column\">\n\t\t\t<div class=\"elementor-widget-wrap elementor-element-populated\">\n\t\t\t\t\t\t\t\t<div class=\"elementor-element elementor-element-9b048d3 elementor-widget elementor-widget-text-editor\" data-id=\"9b048d3\" data-element_type=\"widget\" data-widget_type=\"text-editor.default\">\n\t\t\t\t<div class=\"elementor-widget-container\">\n\t\t\t\t\t\t\t<p>TEM\u0130Z NAKL\u0130YAT olarak, 1989 Y\u0131l\u0131ndan g\u00fcn\u00fcm\u00fcze kadar Mersin \u015eehir \u0130\u00e7i E\u015fya Ta\u015f\u0131ma Nakliye ve \u015eehirleraras\u0131 E\u015fya Ta\u015f\u0131ma Nakliye i\u015fini yapmaktay\u0131z. E\u015fyalar\u0131n\u0131z\u0131n g\u00fcvenli bir \u015fekilde hasars\u0131z olarak nakliyesi yap\u0131l\u0131r. Ta\u015f\u0131nacak e\u015fyalar\u0131n etraf\u0131 \u00e7izilmesin diye kapat\u0131l\u0131r, paketlenir. Y\u0131llar\u0131n tecr\u00fcbesi ile deneyimli personellerimizle ev ve b\u00fcro e\u015fyalar\u0131n\u0131z nakliye ta\u015f\u0131ma i\u015fleri yap\u0131l\u0131r. Mersin\u2019in t\u00fcm il\u00e7elerine ve \u015fehirleraras\u0131 nakliye i\u015fleri yap\u0131yoruz.<\/p>\t\t\t\t\t\t<\/div>\n\t\t\t\t<\/div>\n\t\t\t\t\t<\/div>\n\t\t<\/div>\n\t\t\t\t\t\t\t<\/div>\n\t\t<\/section>\n\t\t\t\t<section class=\"elementor-section elementor-top-section elementor-element elementor-element-f1181fd elementor-section-boxed elementor-section-height-default elementor-section-height-default\" data-id=\"f1181fd\" data-element_type=\"section\">\n\t\t\t\t\t\t<div class=\"elementor-container elementor-column-gap-default\">\n\t\t\t\t\t<div class=\"elementor-column elementor-col-100 elementor-top-column elementor-element elementor-element-104a573\" data-id=\"104a573\" data-element_type=\"column\">\n\t\t\t<div class=\"elementor-widget-wrap elementor-element-populated\">\n\t\t\t\t\t\t\t\t<div class=\"elementor-element elementor-element-57188b3 elementor-widget elementor-widget-text-editor\" data-id=\"57188b3\" data-element_type=\"widget\" data-widget_type=\"text-editor.default\">\n\t\t\t\t<div class=\"elementor-widget-container\">\n\t\t\t\t\t\t\t<p style=\"font-style: normal; caret-color: #000000; color: #000000;\" data-start=\"18\" data-end=\"479\">Biz, y\u0131llar\u0131n verdi\u011fi deneyim ve m\u00fc\u015fteri memnuniyeti odakl\u0131 hizmet anlay\u0131\u015f\u0131m\u0131zla \u015fehir i\u00e7i ve \u015fehirler aras\u0131 nakliye hizmetleri sunan bir ta\u015f\u0131ma firmas\u0131y\u0131z. Kuruldu\u011fumuz g\u00fcnden bu yana, g\u00fcvenilir, h\u0131zl\u0131 ve profesyonel ta\u015f\u0131mac\u0131l\u0131k \u00e7\u00f6z\u00fcmleri sunarak sekt\u00f6rde \u00f6nc\u00fc olmay\u0131 hedefledik. Ev e\u015fyas\u0131 ta\u015f\u0131mac\u0131l\u0131\u011f\u0131ndan par\u00e7a e\u015fya nakliyesine, asans\u00f6rl\u00fc ta\u015f\u0131madan g\u00fcvenli kamyonet nakliyesine kadar geni\u015f bir hizmet yelpazesiyle m\u00fc\u015fterilerimize en iyi deneyimi sunuyoruz.<\/p><p style=\"font-style: normal; caret-color: #000000; color: #000000;\" data-start=\"481\" data-end=\"839\">Misyonumuz, ta\u015f\u0131nma s\u00fcrecini herkes i\u00e7in kolay, g\u00fcvenli ve stressiz hale getirmektir. Ta\u015f\u0131mac\u0131l\u0131\u011f\u0131n sadece e\u015fya ta\u015f\u0131mak olmad\u0131\u011f\u0131n\u0131n bilincindeyiz; bu y\u00fczden m\u00fc\u015fterilerimizin zaman\u0131na, e\u015fyalar\u0131na ve beklentilerine en \u00fcst d\u00fczeyde de\u011fer veriyoruz. Uzman ekibimiz, modern ara\u00e7 filomuz ve geli\u015fmi\u015f ta\u015f\u0131ma ekipmanlar\u0131m\u0131z ile her y\u00fck\u00fc g\u00fcvenle ve \u00f6zenle ta\u015f\u0131yoruz.<\/p><p style=\"font-style: normal; caret-color: #000000; color: #000000;\" data-start=\"841\" data-end=\"1089\">Vizyonumuz, ta\u015f\u0131mac\u0131l\u0131k sekt\u00f6r\u00fcnde en g\u00fcvenilir ve tercih edilen firmalardan biri olmakt\u0131r. Teknolojiyi yak\u0131ndan takip eden ve m\u00fc\u015fteri memnuniyetini \u00f6n planda tutan yap\u0131m\u0131zla, her ge\u00e7en g\u00fcn kendimizi geli\u015ftiriyor ve hizmet kalitemizi art\u0131r\u0131yoruz.<\/p><p style=\"font-style: normal; caret-color: #000000; color: #000000;\" data-start=\"1091\" data-end=\"1278\" data-is-last-node=\"\">\u015eehir i\u00e7i ve \u015fehirler aras\u0131 ta\u015f\u0131mac\u0131l\u0131kta g\u00fcvenilir bir i\u015f orta\u011f\u0131 ar\u0131yorsan\u0131z, bizimle ileti\u015fime ge\u00e7in. Ta\u015f\u0131mac\u0131l\u0131\u011f\u0131 sorun olmaktan \u00e7\u0131kar\u0131yor, sizler i\u00e7in en iyi \u00e7\u00f6z\u00fcmleri sunuyoruz!<\/p>\t\t\t\t\t\t<\/div>\n\t\t\t\t<\/div>\n\t\t\t\t\t<\/div>\n\t\t<\/div>\n\t\t\t\t\t\t\t<\/div>\n\t\t<\/section>\n\t\t\t\t<section class=\"elementor-section elementor-top-section elementor-element elementor-element-6f2075c elementor-section-boxed elementor-section-height-default elementor-section-height-default\" data-id=\"6f2075c\" data-element_type=\"section\">\n\t\t\t\t\t\t<div class=\"elementor-container elementor-column-gap-default\">\n\t\t\t\t\t<div class=\"elementor-column elementor-col-100 elementor-top-column elementor-element elementor-element-84b69ad\" data-id=\"84b69ad\" data-element_type=\"column\">\n\t\t\t<div class=\"elementor-widget-wrap elementor-element-populated\">\n\t\t\t\t\t\t\t\t<div class=\"elementor-element elementor-element-445c8d5 elementor-widget elementor-widget-spacer\" data-id=\"445c8d5\" data-element_type=\"widget\" data-widget_type=\"spacer.default\">\n\t\t\t\t<div class=\"elementor-widget-container\">\n\t\t\t\t\t<div class=\"elementor-spacer\">\n\t\t\t<div class=\"elementor-spacer-inner\"><\/div>\n\t\t<\/div>\n\t\t\t\t<\/div>\n\t\t\t\t<\/div>\n\t\t\t\t\t<\/div>\n\t\t<\/div>\n\t\t\t\t\t\t\t<\/div>\n\t\t<\/section>\n\t\t\t\t\t\t<\/div>\n\t\t\t\t\t<\/div>\n\t\t","protected":false},"excerpt":{"rendered":"<p>Hakk\u0131m\u0131zda TEM\u0130Z NAKL\u0130YAT olarak, 1989 Y\u0131l\u0131ndan g\u00fcn\u00fcm\u00fcze kadar Mersin \u015eehir \u0130\u00e7i E\u015fya Ta\u015f\u0131ma Nakliye ve \u015eehirleraras\u0131 E\u015fya Ta\u015f\u0131ma Nakliye i\u015fini yapmaktay\u0131z. E\u015fyalar\u0131n\u0131z\u0131n g\u00fcvenli bir \u015fekilde hasars\u0131z olarak nakliyesi yap\u0131l\u0131r. Ta\u015f\u0131nacak e\u015fyalar\u0131n etraf\u0131 \u00e7izilmesin diye kapat\u0131l\u0131r, paketlenir. Y\u0131llar\u0131n tecr\u00fcbesi ile deneyimli personellerimizle ev ve b\u00fcro e\u015fyalar\u0131n\u0131z nakliye ta\u015f\u0131ma i\u015fleri yap\u0131l\u0131r. Mersin\u2019in t\u00fcm il\u00e7elerine ve \u015fehirleraras\u0131 nakliye &hellip;<\/p>\n<p class=\"read-more\"> <a class=\"\" href=\"https:\/\/mersinlitemiznakliyat.com\/?page_id=104\"> <span class=\"screen-reader-text\">Hakk\u0131m\u0131zda<\/span> Devam\u0131 &raquo;<\/a><\/p>\n","protected":false},"author":1,"featured_media":0,"parent":0,"menu_order":0,"comment_status":"closed","ping_status":"closed","template":"","meta":{"om_disable_all_campaigns":false,"_monsterinsights_skip_tracking":false,"_monsterinsights_sitenote_active":false,"_monsterinsights_sitenote_note":"","_monsterinsights_sitenote_category":0,"footnotes":""},"class_list":["post-104","page","type-page","status-publish","hentry"],"_links":{"self":[{"href":"https:\/\/mersinlitemiznakliyat.com\/index.php?rest_route=\/wp\/v2\/pages\/104","targetHints":{"allow":["GET"]}}],"collection":[{"href":"https:\/\/mersinlitemiznakliyat.com\/index.php?rest_route=\/wp\/v2\/pages"}],"about":[{"href":"https:\/\/mersinlitemiznakliyat.com\/index.php?rest_route=\/wp\/v2\/types\/page"}],"author":[{"embeddable":true,"href":"https:\/\/mersinlitemiznakliyat.com\/index.php?rest_route=\/wp\/v2\/users\/1"}],"replies":[{"embeddable":true,"href":"https:\/\/mersinlitemiznakliyat.com\/index.php?rest_route=%2Fwp%2Fv2%2Fcomments&post=104"}],"version-history":[{"count":19,"href":"https:\/\/mersinlitemiznakliyat.com\/index.php?rest_route=\/wp\/v2\/pages\/104\/revisions"}],"predecessor-version":[{"id":24922,"href":"https:\/\/mersinlitemiznakliyat.com\/index.php?rest_route=\/wp\/v2\/pages\/104\/revisions\/24922"}],"wp:attachment":[{"href":"https:\/\/mersinlitemiznakliyat.com\/index.php?rest_route=%2Fwp%2Fv2%2Fmedia&parent=104"}],"curies":[{"name":"wp","href":"https:\/\/api.w.org\/{rel}","templated":true}]}}